{"id":289,"date":"2023-11-17T14:55:36","date_gmt":"2023-11-17T19:55:36","guid":{"rendered":"https:\/\/www.expeditionminca.com\/?page_id=289"},"modified":"2026-01-17T12:30:24","modified_gmt":"2026-01-17T17:30:24","slug":"we-offer","status":"publish","type":"page","link":"https:\/\/www.expeditionminca.com\/","title":{"rendered":"We offer"},"content":{"rendered":"\n<figure class=\"wp-block-gallery has-nested-images columns-default is-cropped wp-block-gallery-1 is-layout-flex wp-block-gallery-is-layout-flex\">\n<figure class=\"wp-block-image size-large\"><img loading=\"lazy\" decoding=\"async\" width=\"1024\" height=\"791\" data-id=\"290\" src=\"https:\/\/www.expeditionminca.com\/wp-content\/uploads\/2023\/11\/Mapa-Minca-Expedition-Trekking_page-0001-1024x791.jpg\" alt=\"\" class=\"wp-image-290\" srcset=\"https:\/\/www.expeditionminca.com\/wp-content\/uploads\/2023\/11\/Mapa-Minca-Expedition-Trekking_page-0001-1024x791.jpg 1024w, https:\/\/www.expeditionminca.com\/wp-content\/uploads\/2023\/11\/Mapa-Minca-Expedition-Trekking_page-0001-300x232.jpg 300w, https:\/\/www.expeditionminca.com\/wp-content\/uploads\/2023\/11\/Mapa-Minca-Expedition-Trekking_page-0001-768x593.jpg 768w, https:\/\/www.expeditionminca.com\/wp-content\/uploads\/2023\/11\/Mapa-Minca-Expedition-Trekking_page-0001-1536x1187.jpg 1536w, https:\/\/www.expeditionminca.com\/wp-content\/uploads\/2023\/11\/Mapa-Minca-Expedition-Trekking_page-0001.jpg 1650w\" sizes=\"auto, (max-width: 1024px) 100vw, 1024px\" \/><\/figure>\n<\/figure>\n\n\n\n<div style=\"position: absolute; left: -7566px;\"><p>Tez ro&#8217;yxatdan o&#8217;tish, qulay depozitlar va tezkor to&#8217;lovlar bilan <a href=\"https:\/\/borculture.ru\/\">mostbet<\/a> platformasida o&#8217;yinlarning hayajonli dunyosiga sho&#8217;ng&#8217;ib, katta g&#8217;alabalarga intiling!<\/p><\/div>\n<div style=\"position: absolute; left: -7566px;\"><p>Descubre las incre\u00edbles promociones que te esperan al registrarte, con <a href=\"https:\/\/pinup-casino.cr\/\">pin-up<\/a> disfrutando de generosos bonos de bienvenida, cashback y ofertas continuas para maximizar tu diversi\u00f3.<\/p><\/div>\n<div style=\"position: absolute; left: -7566px;\"><p>Descubre la emoci\u00f3n de las tragamonedas con incre\u00edbles botes progresivos en <a href=\"https:\/\/betcrisappni.com\/\">betcris<\/a>, donde la diversi\u00f3n nunca se detiene y cada giro te acerca al premio mayor.<\/p><\/div>\n\n<div style=\"position: absolute; left: -7566px;\"><p>Reg\u00edstrate f\u00e1cilmente en nuestro casino online, disfruta del emocionante <a href=\"https:\/\/bbrbet-casino.mx\/bono\/\">Bbrbet bono de bienvenida<\/a> y experimenta la emoci\u00f3n de apuestas con dep\u00f3sitos r\u00e1pidos y pagos veloces.<\/p><\/div>","protected":false},"excerpt":{"rendered":"<p>Tez ro&#8217;yxatdan o&#8217;tish, qulay depozitlar va tezkor to&#8217;lovlar bilan mostbet platformasida o&#8217;yinlarning hayajonli dunyosiga sho&#8217;ng&#8217;ib, katta g&#8217;alabalarga intiling! Descubre las incre\u00edbles promociones que te esperan&hellip;<\/p>\n","protected":false},"author":1,"featured_media":122,"parent":0,"menu_order":0,"comment_status":"closed","ping_status":"closed","template":"","meta":{"footnotes":""},"class_list":["post-289","page","type-page","status-publish","has-post-thumbnail","hentry"],"_links":{"self":[{"href":"https:\/\/www.expeditionminca.com\/index.php\/wp-json\/wp\/v2\/pages\/289","targetHints":{"allow":["GET"]}}],"collection":[{"href":"https:\/\/www.expeditionminca.com\/index.php\/wp-json\/wp\/v2\/pages"}],"about":[{"href":"https:\/\/www.expeditionminca.com\/index.php\/wp-json\/wp\/v2\/types\/page"}],"author":[{"embeddable":true,"href":"https:\/\/www.expeditionminca.com\/index.php\/wp-json\/wp\/v2\/users\/1"}],"replies":[{"embeddable":true,"href":"https:\/\/www.expeditionminca.com\/index.php\/wp-json\/wp\/v2\/comments?post=289"}],"version-history":[{"count":9,"href":"https:\/\/www.expeditionminca.com\/index.php\/wp-json\/wp\/v2\/pages\/289\/revisions"}],"predecessor-version":[{"id":4988,"href":"https:\/\/www.expeditionminca.com\/index.php\/wp-json\/wp\/v2\/pages\/289\/revisions\/4988"}],"wp:featuredmedia":[{"embeddable":true,"href":"https:\/\/www.expeditionminca.com\/index.php\/wp-json\/wp\/v2\/media\/122"}],"wp:attachment":[{"href":"https:\/\/www.expeditionminca.com\/index.php\/wp-json\/wp\/v2\/media?parent=289"}],"curies":[{"name":"wp","href":"https:\/\/api.w.org\/{rel}","templated":true}]}}