{"id":18,"date":"2023-09-10T16:26:31","date_gmt":"2023-09-10T21:26:31","guid":{"rendered":"https:\/\/www.expeditionminca.com\/?page_id=18"},"modified":"2024-03-21T15:03:02","modified_gmt":"2024-03-21T20:03:02","slug":"about-us","status":"publish","type":"page","link":"https:\/\/www.expeditionminca.com\/index.php\/about-us\/","title":{"rendered":"About us"},"content":{"rendered":"\n<p>We are operating agency based on eco-tourism dedicated to the conservation of of the environmental terrotory, nature tourism and environmental protection in the territory of Minca and the Sierra Nevada of Santa Marta.<\/p>\n\n\n\n<p>Our main focus is to protect end preserve the environment by providing knowledge, makin good use and exploitation of our natural resources, becoming a socio-sustainable and cultural development for the region. <\/p>\n\n\n\n<div class=\"wp-block-columns is-layout-flex wp-container-core-columns-is-layout-9d6595d7 wp-block-columns-is-layout-flex\">\n<div class=\"wp-block-column is-layout-flow wp-block-column-is-layout-flow\"><div class=\"wp-block-image is-style-default\">\n<figure class=\"aligncenter size-full is-resized\"><img loading=\"lazy\" decoding=\"async\" width=\"768\" height=\"1024\" src=\"https:\/\/www.expeditionminca.com\/wp-content\/uploads\/2024\/03\/4f93e9f8-dddb-4385-841e-2adb20ea2ca8.jpeg\" alt=\"\" class=\"wp-image-541\" style=\"aspect-ratio:1;width:308px;height:auto\" srcset=\"https:\/\/www.expeditionminca.com\/wp-content\/uploads\/2024\/03\/4f93e9f8-dddb-4385-841e-2adb20ea2ca8.jpeg 768w, https:\/\/www.expeditionminca.com\/wp-content\/uploads\/2024\/03\/4f93e9f8-dddb-4385-841e-2adb20ea2ca8-225x300.jpeg 225w\" sizes=\"auto, (max-width: 768px) 100vw, 768px\" \/><\/figure>\n<\/div><\/div>\n\n\n\n<div class=\"wp-block-column is-layout-flow wp-block-column-is-layout-flow\">\n<p>TRAVEL AGENCY AND TOUR OPERATOR <\/p>\n\n\n\n<p>Get to know our different places full of energy where you can connect with nature and clear your mind, spendidng unforgettable moments with unique experiences based on ecotourism, protecting and conserving, as its a place full og magic and unique places with rivers and mountains. With a different climate than Santa Marta, located just a short time away and very easy to reach and enjoy all the places.<\/p>\n<\/div>\n<\/div>\n\n\n\n<p class=\"has-green-color has-text-color has-link-color wp-elements-1c66bec391d6a8026a54749148acb0aa\" style=\"font-size:26px;font-style:normal;font-weight:700\">RESPONSABILITY<\/p>\n\n\n\n<p>In accordance with the provisions of article 17 of law 679 of 2001, the EXPEDITION MINCA, and it\u00b4s operators warn tourist that &#8220;sexual explotation and abuse of minors are criminally and administratively sancioned, un accordance with current laws&#8221;. <\/p>\n\n\n\n<p>By virtue of Resolution 3840 of 2009 of the ministry of Commerce, Industry and Tourism, EXPEDITION MINCA, and its operators accept and promote with their management and employees, the code of conduct contemplated in article 1 of law 1336 of December 21 July  2009.<\/p>\n\n\n\n<p>Conforme en lo dispuesto en el art\u00edculo 17 de la ley 679 del 2001, la agencia EXPEDITION MINCA y sus operadores advierten al turista que \u201c la explotaci\u00f3n y el abuso sexual de menores de edad son sancionados penal y administrativamente, conforme a las leyes vigentes\u201d .<br>En virtud de la Resoluci\u00f3n 3840 de 2009 del Ministerio de Comercio, Industria y Turismo,  EXPEDITION MINCA , y sus operadores se acogen y fomentan con su directiva y empleados, el C\u00f3digo de Conducta contemplado en el art\u00edculo 1\u00b0 de la Ley 1336 del 21 de julio de 2009.<\/p>\n\n\n\n<p><\/p>\n\n\n\n<p class=\"has-green-color has-text-color has-link-color wp-elements-2406c48d4d204cd677b65d0bbca0dbdd\" style=\"font-size:26px;font-style:normal;font-weight:700\">RECOMENDATIONS<\/p>\n\n\n\n<p>Bring comfortable clothing, botilo or camelback for hydratation, bring grip shoes and change them if requiered.<\/p>\n\n\n\n<p>Remember that the climate is that of a humid tropical forest, it is a advisable to bring an extra change of clothes, a raincoat and swimsuit.<\/p>\n\n\n\n<p>Natural repellent for mosquitoes, sunscreen (bathing in water sources with sunscreen or body cream is not allowed)<\/p>\n\n\n\n<p>Bring a flashlight, cellphone and\/or camera. (under the responsability of the client) <\/p>\n\n\n\n<p>keep your valuables under surveillance, the administration is not responsible for loss or damage. Do not extract or damage the flora and fauna. Follow the guide\u00b4s recomendations and the places visited. <\/p>\n\n\n\n<p>GARBAGE IS PART OF YOUR LUGGAGE<\/p>\n\n\n\n<p>Most importantly, you are not allowed to get!<\/p>\n\n\n\n<p>RESERVATIONS AND RETURNS <\/p>\n\n\n\n<p>To guarantee the reservation, and advance payment of 50% of the value of the contracted package will be required; full payment must be made at least one (2) days before arrival use of the services).<\/p>\n\n\n\n<p>Changes in the itinerary and\/or services may be affected by the climatic factors, there for EXPEDITION MINCA is not responsable for the result.<\/p>\n\n\n\n<p>RETURNS <\/p>\n\n\n\n<ul class=\"wp-block-list\">\n<li>With a cancellation equal to or greater than 30 days in advance, the refund is 100%<\/li>\n\n\n\n<li>Between 20 and 29 days in advance, the refund is 95%<\/li>\n\n\n\n<li>Between 15 and 19 days in advance, the refund is 60%<\/li>\n\n\n\n<li>Between 11 and 14 days in advance, the refund is 30%<\/li>\n\n\n\n<li>Between 0 and 10 days in advance, there is not refund. <\/li>\n<\/ul>\n\n\n\n<p>Traer ropa c\u00f3moda. Botilo o camelbak para hidrataci\u00f3n. Traer zapatos de agarre y de cambio.<br>Recordar que el clima es de bosque tropical h\u00famedo, recomendable llevar un cambio de ropa extra, un impermeable y traje de ba\u00f1o.<br>Repelente para zancudos, bloqueador solar (no se permite el ba\u00f1o en fuentes h\u00eddricas con bloqueador o crema del cuerpo)<br>Llevar linterna, celular y\/o c\u00e1mara fotogr\u00e1\ufb01ca. (bajo responsabilidad del cliente)<br>Mantener sus objetos de valor vigilados, la administraci\u00f3n no se hace responsable por p\u00e9rdidas o da\u00f1os.<br>No extraer ni da\u00f1ar la \ufb02ora y la fauna. seguir las recomendaciones del gu\u00eda y de los lugares visitados.<br>LA BASURA HACE PARTE DE TU EQUIPAJE.<br>\u00a1Lo m\u00e1s importante, no est\u00e1 permitido aburrirse !<br>RESERVAS Y DEVOLUCIONES<br>Para garantizar la reserva se exigir\u00e1 un anticipo del 50% del valor del paquete contratado, el pago total deber\u00e1 hacerse m\u00ednimo dos (2) d\u00edas antes de la llegada y uso de los servicios).<br>Cambios en el itinerario y\/o servicios pueden verse afectados por factores clim\u00e1ticos, por lo tanto EXPEDITION MINCA no se hace responsable por el resultado.<br>DEVOLUCIONES: \u25cf Con una cancelaci\u00f3n igual o mayor a 30 d\u00edas de anterioridad, la devoluci\u00f3n es del 100% \u25cf Entre 20 y 29 d\u00edas de anterioridad, la devoluci\u00f3n es del 95% \u25cf Entre 15 y 19 d\u00edas de anterioridad, la devoluci\u00f3n es del 60% \u25cf Entre 11 y 14 d\u00edas de anterioridad, la devoluci\u00f3n es del 30% \u25cf Entre 0 y 10 d\u00edas de anterioridad, no hay devoluci\u00f3n.<\/p>\n","protected":false},"excerpt":{"rendered":"<p>We are operating agency based on eco-tourism dedicated to the conservation of of the environmental terrotory, nature tourism and environmental protection in the territory of&hellip;<\/p>\n","protected":false},"author":1,"featured_media":556,"parent":0,"menu_order":0,"comment_status":"closed","ping_status":"closed","template":"","meta":{"footnotes":""},"class_list":["post-18","page","type-page","status-publish","has-post-thumbnail","hentry"],"_links":{"self":[{"href":"https:\/\/www.expeditionminca.com\/index.php\/wp-json\/wp\/v2\/pages\/18","targetHints":{"allow":["GET"]}}],"collection":[{"href":"https:\/\/www.expeditionminca.com\/index.php\/wp-json\/wp\/v2\/pages"}],"about":[{"href":"https:\/\/www.expeditionminca.com\/index.php\/wp-json\/wp\/v2\/types\/page"}],"author":[{"embeddable":true,"href":"https:\/\/www.expeditionminca.com\/index.php\/wp-json\/wp\/v2\/users\/1"}],"replies":[{"embeddable":true,"href":"https:\/\/www.expeditionminca.com\/index.php\/wp-json\/wp\/v2\/comments?post=18"}],"version-history":[{"count":7,"href":"https:\/\/www.expeditionminca.com\/index.php\/wp-json\/wp\/v2\/pages\/18\/revisions"}],"predecessor-version":[{"id":606,"href":"https:\/\/www.expeditionminca.com\/index.php\/wp-json\/wp\/v2\/pages\/18\/revisions\/606"}],"wp:featuredmedia":[{"embeddable":true,"href":"https:\/\/www.expeditionminca.com\/index.php\/wp-json\/wp\/v2\/media\/556"}],"wp:attachment":[{"href":"https:\/\/www.expeditionminca.com\/index.php\/wp-json\/wp\/v2\/media?parent=18"}],"curies":[{"name":"wp","href":"https:\/\/api.w.org\/{rel}","templated":true}]}}